{"id":15840,"date":"2025-04-20T03:10:50","date_gmt":"2025-04-20T02:10:50","guid":{"rendered":"https:\/\/studandglobe.com\/condiciones-de-uso\/"},"modified":"2025-10-21T00:33:26","modified_gmt":"2025-10-20T23:33:26","slug":"condiciones-de-uso","status":"publish","type":"page","link":"https:\/\/studandglobe.com\/es\/condiciones-de-uso\/","title":{"rendered":"Condiciones de uso"},"content":{"rendered":"\t\t<div data-elementor-type=\"wp-page\" data-elementor-id=\"15840\" class=\"elementor elementor-15840 elementor-5064\" data-elementor-post-type=\"page\">\n\t\t\t\t<div class=\"elementor-element elementor-element-1ea33ac elementor-repeater-item-ang_container_padding_2 e-flex e-con-boxed elementor-repeater-item-none elementor-repeater-item-none_hover e-con e-parent\" data-id=\"1ea33ac\" data-element_type=\"container\" data-e-type=\"container\" data-settings=\"{&quot;ang_container_spacing_size&quot;:&quot;ang_container_padding_2&quot;,&quot;jet_parallax_layout_list&quot;:[]}\">\n\t\t\t\t\t<div class=\"e-con-inner\">\n\t\t\t\t<div class=\"elementor-element elementor-element-6694f75 elementor-repeater-item-none elementor-repeater-item-none_hover elementor-widget elementor-widget-heading\" data-id=\"6694f75\" data-element_type=\"widget\" data-e-type=\"widget\" data-widget_type=\"heading.default\">\n\t\t\t\t<div class=\"elementor-widget-container\">\n\t\t\t\t\t<h1 class=\"elementor-heading-title elementor-size-default\">Condiciones de uso<\/h1>\t\t\t\t<\/div>\n\t\t\t\t<\/div>\n\t\t\t\t<div class=\"elementor-element elementor-element-762cca1 elementor-repeater-item-none elementor-repeater-item-none_hover elementor-widget elementor-widget-text-editor\" data-id=\"762cca1\" data-element_type=\"widget\" data-e-type=\"widget\" data-widget_type=\"text-editor.default\">\n\t\t\t\t<div class=\"elementor-widget-container\">\n\t\t\t\t\t\t\t\t\t<p>Este aviso de protecci\u00f3n de datos describe los datos personales que recopilamos sobre usted y c\u00f3mo los procesamos en relaci\u00f3n con nuestro servicio.<\/p>\n<div class=\"item\">\n<h2>Sobre nosotros<\/h2>\n<p>Stud&amp;Globe, con domicilio social en 169 Carrer de Verdi, Barcelona, Espa\u00f1a, es el responsable del tratamiento de los datos personales a los que se refiere el presente aviso.&nbsp;  Si tiene alguna pregunta sobre el uso que hacemos de sus datos personales, p\u00f3ngase en contacto con nosotros por correo electr\u00f3nico en marketing@studandglobe.com. Tambi\u00e9n puede ponerse en contacto con nuestro responsable de protecci\u00f3n de datos por correo electr\u00f3nico en marketing@studandglobe.com. <\/p>\n<\/div>\n<div class=\"item\">\n<h2>Datos personales que tratamos<\/h2>\n<p>Procesamos los siguientes datos personales sobre usted, que recabamos directamente de usted:<\/p>\n<ul>\n<li>Informaci\u00f3n biogr\u00e1fica y datos de contacto - Su nombre, n\u00famero de tel\u00e9fono y direcci\u00f3n de correo electr\u00f3nico.<\/li>\n<\/ul>\n<\/div>\n<div class=\"item\">\n<h2>Finalidad del tratamiento y fundamento jur\u00eddico<\/h2>\n<p>Tratamos sus datos personales para apoyarle en su b\u00fasqueda de pr\u00e1cticas poni\u00e9ndonos en contacto con usted y poni\u00e9ndole en contacto con la empresa que ha elegido. Quedamos a su disposici\u00f3n en caso de problemas relacionados con las pr\u00e1cticas y volvemos a ponernos en contacto con usted al final de su experiencia para asegurarnos de que ha tenido una buena experiencia con nuestra empresa. La base de nuestro tratamiento de sus datos personales es principalmente la celebraci\u00f3n de un contrato con usted y la ejecuci\u00f3n de dicho contrato.  Otros tratamientos de sus datos personales se basan en la informaci\u00f3n durante sus pr\u00e1cticas, nuestro inter\u00e9s leg\u00edtimo en ofrecerle nuestros servicios para mejorarnos.  <\/p>\n<\/div>\n<div class=\"item\">\n<h2>Datos personales que le solicitamos<\/h2>\n<p>Debe facilitarnos los datos personales mencionados para que podamos ofrecerle nuestro servicio de apoyo a las pr\u00e1cticas.&nbsp;  Si no nos facilita esta informaci\u00f3n, no podremos prestarle nuestro servicio en las mejores condiciones.<\/p>\n<\/div>\n<div class=\"item\">\n<h2>Destinatarios de los datos<\/h2>\n<p>Podemos revelar sus datos personales a una serie de destinatarios para los fines mencionados, incluyendo :<\/p>\n<ul>\n<li>La empresa en la que solicita o ha sido aceptado para unas pr\u00e1cticas<\/li>\n<\/ul>\n<\/div>\n<div class=\"item\">\n<h2>Transferencias al extranjero<\/h2>\n<p>En determinados casos, transferimos sus datos personales fuera de la Uni\u00f3n Europea a un pa\u00eds no reconocido por la Comisi\u00f3n Europea por ofrecer un nivel de protecci\u00f3n de los datos personales equivalente al de la Uni\u00f3n Europea.&nbsp;  S\u00f3lo realizamos este tipo de transferencia en el contexto de una inversi\u00f3n en una empresa fuera de la Uni\u00f3n Europea, como M\u00e9xico.&nbsp;  Cuando transferimos sus datos personales fuera de la Uni\u00f3n Europea, nos aseguramos de que se adopten las medidas adecuadas para proteger sus datos y cumplir con nuestras obligaciones en virtud de la legislaci\u00f3n aplicable en materia de protecci\u00f3n de datos.<\/p>\n<p>Cuando transferimos sus datos personales fuera de la Uni\u00f3n Europea, si as\u00ed lo exige la ley de protecci\u00f3n de datos, celebramos contratos en una forma aprobada por la Comisi\u00f3n Europea con la entidad a la que transferimos sus datos, o nos aseguramos de que la empresa a la que transferimos sus datos personales se compromete a cumplir con un mecanismo de transferencia aprobado (como el Escudo de Protecci\u00f3n de Datos UE-EE.UU.).&nbsp;  Si desea m\u00e1s informaci\u00f3n sobre las medidas que hemos adoptado en relaci\u00f3n con la transferencia de sus datos personales, p\u00f3ngase en contacto con nosotros por correo electr\u00f3nico en: marketing@studandglobe.com.<\/p>\n<\/div>\n<div class=\"item\">\n<h2>Conservaci\u00f3n<\/h2>\n<p>Conservamos sus datos personales de acuerdo con nuestra pol\u00edtica de conservaci\u00f3n de datos, que se basa en el principio de que s\u00f3lo conservamos los datos personales durante el tiempo necesario para los fines para los que los recopilamos y de conformidad con los requisitos legales. Sus datos personales s\u00f3lo se conservar\u00e1n durante un periodo de un a\u00f1o, que consideramos \u00fatil para garantizar la calidad de nuestros servicios y medir nuestra actividad. <\/p>\n<ul>\n<li>Datos de la transacci\u00f3n - Si es un usuario activo de nuestro servicio, s\u00f3lo conservamos la siguiente informaci\u00f3n: la aceptaci\u00f3n de nuestras condiciones generales de uso y si ha pagado o no por nuestro servicio.<\/li>\n<li>Datos de marketing: conservamos los datos personales necesarios para enviarle mensajes de marketing mientras est\u00e9 suscrito a dichos mensajes.<\/li>\n<\/ul>\n<p>Para los datos personales que no sean datos de transacciones o correos electr\u00f3nicos de marketing, aplicaremos los siguientes criterios:<\/p>\n<ul>\n<li>Tramitaci\u00f3n de procedimientos judiciales - A la hora de determinar durante cu\u00e1nto tiempo conservamos sus datos personales, tenemos en cuenta el hecho de que pueden ser necesarios a efectos de procedimientos judiciales. En caso de que se requieran dichos datos, los conservaremos hasta que prescriba el tipo de demanda que pueda interponerse (que var\u00eda entre 2 y 12 a\u00f1os). <\/li>\n<li>Necesidades empresariales - Cuando recojamos sus datos personales s\u00f3lo para fines espec\u00edficos, determinaremos cu\u00e1nto tiempo necesitamos conservarlos para nuestros fines razonables.<\/li>\n<\/ul>\n<\/div>\n<div class=\"item\">\n<h2>Sus derechos<\/h2>\n<p>En determinadas circunstancias, usted tiene los siguientes derechos con respecto a sus datos personales:<\/p>\n<ul>\n<li><em>Derecho de acceso a los datos<\/em> - Tiene derecho a solicitar una copia de los datos personales que tenemos sobre usted e informaci\u00f3n sobre nuestro tratamiento de dichos datos.<\/li>\n<li><em>Derecho de rectificaci\u00f3n<\/em> - Tiene derecho a solicitar que se corrijan los datos inexactos que le conciernan o, si nuestra informaci\u00f3n est\u00e1 incompleta, a solicitar que la actualicemos.<\/li>\n<li><em>Derecho de supresi\u00f3n<\/em> - Tiene derecho a pedirnos que suprimamos los datos personales que tenemos sobre usted. Este derecho tambi\u00e9n se conoce como derecho al olvido. <\/li>\n<li><em>Derecho a restringir u oponerse al tratamiento<\/em> - Tiene derecho a solicitar que dejemos de tratar sus datos personales para fines particulares, o a oponerse a que tratemos sus datos personales para fines particulares.<\/li>\n<li><em>Derecho a la portabilidad de los datos<\/em> - Tiene derecho a solicitar que nosotros o un tercero le proporcionemos una copia de sus datos personales en un formato estructurado de uso com\u00fan legible por m\u00e1quina.<\/li>\n<\/ul>\n<p>Para ejercer cualquiera de sus derechos anteriores, p\u00f3ngase en contacto con nosotros por correo electr\u00f3nico en: contact@studandglobe.com.<\/p>\n<\/div>\n<div class=\"item\">\n<h2>Quejas<\/h2>\n<p>Tiene derecho a presentar una denuncia ante la Commission nationale de l&#8217;informatique et des libert\u00e9s de Francia<a href=\"https:\/\/www.cnil.fr\/fr\/plaintes\" target=\"_blank\" rel=\"noopener\">(https:\/\/www.cnil.fr\/fr\/plaintes)<\/a> o ante su ayuntamiento.<\/p>\n<\/div>\t\t\t\t\t\t\t\t<\/div>\n\t\t\t\t<\/div>\n\t\t\t\t\t<\/div>\n\t\t\t\t<\/div>\n\t\t\t\t<\/div>\n\t\t","protected":false},"excerpt":{"rendered":"<p>Este aviso de protecci\u00f3n de datos describe los datos personales que recopilamos sobre usted y c\u00f3mo los procesamos en relaci\u00f3n con nuestro servicio. Sobre nosotros Stud&amp;Globe, con domicilio social en 169 Carrer de Verdi, Barcelona, Espa\u00f1a, es el responsable del tratamiento de los datos personales a los que se refiere el presente aviso.&nbsp; Si tiene [&hellip;]<\/p>\n","protected":false},"author":4,"featured_media":0,"parent":0,"menu_order":0,"comment_status":"closed","ping_status":"closed","template":"","meta":{"iawp_total_views":2,"footnotes":""},"page-froid":[],"class_list":["post-15840","page","type-page","status-publish","hentry"],"_links":{"self":[{"href":"https:\/\/studandglobe.com\/es\/wp-json\/wp\/v2\/pages\/15840","targetHints":{"allow":["GET"]}}],"collection":[{"href":"https:\/\/studandglobe.com\/es\/wp-json\/wp\/v2\/pages"}],"about":[{"href":"https:\/\/studandglobe.com\/es\/wp-json\/wp\/v2\/types\/page"}],"author":[{"embeddable":true,"href":"https:\/\/studandglobe.com\/es\/wp-json\/wp\/v2\/users\/4"}],"replies":[{"embeddable":true,"href":"https:\/\/studandglobe.com\/es\/wp-json\/wp\/v2\/comments?post=15840"}],"version-history":[{"count":1,"href":"https:\/\/studandglobe.com\/es\/wp-json\/wp\/v2\/pages\/15840\/revisions"}],"predecessor-version":[{"id":15841,"href":"https:\/\/studandglobe.com\/es\/wp-json\/wp\/v2\/pages\/15840\/revisions\/15841"}],"wp:attachment":[{"href":"https:\/\/studandglobe.com\/es\/wp-json\/wp\/v2\/media?parent=15840"}],"wp:term":[{"taxonomy":"page-froid","embeddable":true,"href":"https:\/\/studandglobe.com\/es\/wp-json\/wp\/v2\/page-froid?post=15840"}],"curies":[{"name":"wp","href":"https:\/\/api.w.org\/{rel}","templated":true}]}}