{"id":15823,"date":"2025-04-30T12:52:43","date_gmt":"2025-04-30T11:52:43","guid":{"rendered":"https:\/\/studandglobe.com\/condiciones-de-uso-del-servicio-estudiantes\/"},"modified":"2026-01-14T17:19:51","modified_gmt":"2026-01-14T16:19:51","slug":"condiciones-de-uso-del-servicio-estudiantes","status":"publish","type":"page","link":"https:\/\/studandglobe.com\/es\/condiciones-de-uso-del-servicio-estudiantes\/","title":{"rendered":"Condiciones de uso del servicio - ESTUDIANTES"},"content":{"rendered":"\t\t<div data-elementor-type=\"wp-page\" data-elementor-id=\"15823\" class=\"elementor elementor-15823 elementor-14151\" data-elementor-post-type=\"page\">\n\t\t\t\t<div class=\"elementor-element elementor-element-1ea33ac elementor-repeater-item-ang_container_padding_2 e-flex e-con-boxed elementor-repeater-item-none elementor-repeater-item-none_hover e-con e-parent\" data-id=\"1ea33ac\" data-element_type=\"container\" data-e-type=\"container\" data-settings=\"{&quot;ang_container_spacing_size&quot;:&quot;ang_container_padding_2&quot;,&quot;jet_parallax_layout_list&quot;:[]}\">\n\t\t\t\t\t<div class=\"e-con-inner\">\n\t\t\t\t<div class=\"elementor-element elementor-element-762cca1 elementor-repeater-item-none elementor-repeater-item-none_hover elementor-widget elementor-widget-text-editor\" data-id=\"762cca1\" data-element_type=\"widget\" data-e-type=\"widget\" data-widget_type=\"text-editor.default\">\n\t\t\t\t<div class=\"elementor-widget-container\">\n\t\t\t\t\t\t\t\t\t<h1>CONDICIONES PARA PARTICIPAR EN EL PROGRAMA DE MOVILIDAD STUD&amp;GLOBE<\/h1>\n<p>Stud&amp;Globe, con NIF B66606252, situada en 169 Carrer de Verdi 08012 Barcelona - Espa\u00f1a, ofrece un servicio en la p\u00e1gina web www.studandglobe.com para ayudar a los estudiantes a encontrar un puesto de trabajo internacional, as\u00ed como todos los tr\u00e1mites administrativos.<\/p>\n<p>Las presentes Condiciones Generales de Utilizaci\u00f3n del Servicio tienen por objeto definir los t\u00e9rminos y condiciones de puesta a disposici\u00f3n de los servicios del sitio Stud&amp;Globe, en lo sucesivo denominados \u00ablos Servicios\u00bb y las condiciones de utilizaci\u00f3n del Servicio por parte del Usuario.<\/p>\n<p>Cualquier acceso y\/o uso del sitio Stud&amp;Globe implica la aceptaci\u00f3n y el respeto de todos los t\u00e9rminos de las presentes Condiciones y su aceptaci\u00f3n incondicional. Por lo tanto, constituyen un contrato entre Stud&amp;Globe y el Usuario. <\/p>\n<p>Si el Usuario no desea aceptar la totalidad o parte de las presentes Condiciones Generales, se le ruega que se abstenga de utilizar el Servicio.<\/p>\n<p>DESPU\u00c9S DE HABER EXPLICADO QUE  <\/p>\n<ol>\n<li aria-level=\"1\">STUD&amp;GLOBE ofrece un servicio de apoyo a los estudiantes en la b\u00fasqueda de un puesto de trabajo internacional y en todos los tr\u00e1mites administrativos correspondientes.<\/li>\n<li aria-level=\"1\">La Escuela desea utilizar los servicios ofrecidos por STUD&amp;GLOBE para ayudar a sus estudiantes a encontrar pr\u00e1cticas en el extranjero.  <\/li>\n<li aria-level=\"1\">De conformidad con lo anterior, las partes acuerdan quedar vinculadas por el presente contrato de prestaci\u00f3n de servicios (en adelante, el <b>\u00abContrato<\/b> \u00ab) en los t\u00e9rminos que se establecen a continuaci\u00f3n.<\/li>\n<\/ol>\n<p>SE HA ACORDADO Y DETERMINADO LO SIGUIENTE<\/p>\n<h2> <\/h2>\n<h2>ART\u00cdCULO 1. ASUNTO   <\/h2>\n<p>Mediante la formalizaci\u00f3n y firma del presente contrato, STUD&amp;GLOBE se compromete a prestar al solicitante los siguientes servicios:  <\/p>\n<ol>\n<li aria-level=\"1\">Recepci\u00f3n de ofertas de pr\u00e1cticas en sectores seleccionados;<\/li>\n<li aria-level=\"1\">Consulta ilimitada de todas las ofertas de pr\u00e1cticas;<\/li>\n<li aria-level=\"1\">Entrevistas con consultores de STUD&amp;GLOBE y empresas asociadas;<\/li>\n<li aria-level=\"1\">Acceso a informaci\u00f3n privilegiada sobre cursos de formaci\u00f3n en el sitio web de XXXXXXXXX;<\/li>\n<li aria-level=\"1\">Acceso a asesoramiento profesional exclusivo ;<\/li>\n<li aria-level=\"1\">Ayuda con los CV y las cartas de presentaci\u00f3n;<\/li>\n<li aria-level=\"1\">Apoyo en los tr\u00e1mites administrativos.<\/li>\n<\/ol>\n<p>  (en lo sucesivo, el <b>\u00abbuscador de pr\u00e1cticas <\/b>\u00ab).  <\/p>\n<p>Para Espa\u00f1a * El solicitante tambi\u00e9n podr\u00e1, si as\u00ed lo desea, suscribirse a un servicio de gesti\u00f3n de NIE tal y como se describe en el <b>Anexo<\/b><b>I <\/b>del presente documento, as\u00ed como a un servicio de viajes combinados tal y como se describe en <b>el Anexo II<\/b> del presente documento, incluida la gesti\u00f3n de servicios de viajes para estudiantes.<\/p>\n<h2> <\/h2>\n<h2>ART\u00cdCULO 2. OBLIGACIONES DE LAS PARTES   <\/h2>\n<ol>\n<li aria-level=\"2\">\n<h3>Obligaciones del candidato  <\/h3>\n<\/li>\n<\/ol>\n<p>El solicitante se compromete a :<\/p>\n<ul>\n<li aria-level=\"1\">Se responsabilizar\u00e1 del pago \u00edntegro de todos los gastos relacionados con las pr\u00e1cticas, como, por ejemplo, gastos de transporte, alojamiento, comidas, seguros, impuestos oficiales, etc. El pago correr\u00e1 a cargo de los estudiantes en pr\u00e1cticas. <\/li>\n<li aria-level=\"1\">Valide por escrito las pr\u00e1cticas de los estudiantes y env\u00ede a STUD&amp;GLOBE una prueba escrita de la validaci\u00f3n de las pr\u00e1cticas;<\/li>\n<li aria-level=\"1\">No enviar ninguna solicitud de pr\u00e1cticas a la empresa de acogida que no sea a trav\u00e9s de STUD&amp;GLOBE. En caso contrario, STUD&amp;GLOBE tendr\u00e1 derecho a cancelar las pr\u00e1cticas con la empresa de acogida;   <\/li>\n<li aria-level=\"1\">El candidato garantiza que est\u00e1 en posesi\u00f3n de toda la documentaci\u00f3n requerida para una colocaci\u00f3n en el extranjero. En caso contrario, deber\u00e1 solicitar dicha documentaci\u00f3n a su costa. A t\u00edtulo indicativo (y no exhaustivo), los documentos obligatorios que deben aportarse son los siguientes:    <\/li>\n<li aria-level=\"1\">El convenio de pr\u00e1cticas, que debe estar firmado y sellado por la escuela.  <\/li>\n<li aria-level=\"1\">Cobertura de responsabilidad civil v\u00e1lida en el pa\u00eds donde tendr\u00e1n lugar las pr\u00e1cticas y durante todo el periodo de estancia en el extranjero.  <\/li>\n<li aria-level=\"1\">P\u00f3liza de seguro de enfermedad y accidentes.<\/li>\n<li aria-level=\"1\">Visado en funci\u00f3n del pa\u00eds de destino.<\/li>\n<li aria-level=\"1\">Documentos de identidad y pasaportes, sobre todo para los destinos que los exigen tanto por motivos administrativos como legales.<\/li>\n<li aria-level=\"1\">Se requiere NIE para realizar pr\u00e1cticas en Espa\u00f1a.<\/li>\n<li aria-level=\"1\">Cualquier documentaci\u00f3n exigida por la legislaci\u00f3n o normativa vigente en el pa\u00eds en el que el estudiante vaya a realizar sus pr\u00e1cticas. STUD&amp;GLOBE no cubrir\u00e1 el coste de estos documentos.<\/li>\n<li aria-level=\"1\">Proporcione a STUD&amp;GLOBE todos los documentos necesarios para completar la colocaci\u00f3n en la fecha especificada a tal efecto.<\/li>\n<li aria-level=\"1\">Pague el Servicio de B\u00fasqueda de Pr\u00e1cticas de STUD&amp;GLOBE en un plazo m\u00e1ximo de cuatro (4) d\u00edas laborables a partir de la fecha de env\u00edo del Certificado de Aceptaci\u00f3n de Pr\u00e1cticas y de la factura de STUD&amp;GLOBE a la direcci\u00f3n de correo electr\u00f3nico facilitada a STUD&amp;GLOBE.  <\/li>\n<\/ul>\n<p>El solicitante ser\u00e1 responsable de las acciones de los estudiantes en el pa\u00eds de la empresa de acogida. Dentro de la empresa de acogida, los estudiantes deber\u00e1n comportarse de forma respetuosa con sus compa\u00f1eros y con las instalaciones. El estudiante deber\u00e1 seguir las instrucciones de la empresa: horarios, normas internas, instrucciones de seguridad, programa de trabajo, etc.    <\/p>\n<p>El estudiante debe respetar la normativa vigente en el pa\u00eds de acogida, especialmente en lo que se refiere a los horarios de trabajo. El estudiante debe prestar especial atenci\u00f3n al respeto de los horarios de trabajo en el establecimiento de acogida. Cualquier ausencia deber\u00e1 ser notificada con antelaci\u00f3n y justificada posteriormente (certificado m\u00e9dico u otro) y el estudiante deber\u00e1 respetar en todo momento la legislaci\u00f3n vigente.    <\/p>\n<p>Los candidatos son enteramente responsables de los actos reprensibles que puedan cometer en el pa\u00eds de acogida.  <\/p>\n<p>Ni la empresa que ofrece las pr\u00e1cticas ni STUD&amp;GLOBE podr\u00e1n ser considerados responsables si el estudiante contraviene la normativa vigente. El candidato ser\u00e1 el \u00fanico responsable de cualquier consecuencia penal, financiera, etc.   <\/p>\n<h3>2.Obligaciones de STUD&amp;GLOBE :  <\/h3>\n<p>STUD&amp;GLOBE se compromete a :<\/p>\n<ol>\n<li aria-level=\"1\">Antes de presentar una solicitud a la empresa de acogida, facilite al solicitante toda la informaci\u00f3n relativa a :<\/li>\n<li aria-level=\"2\">La empresa anfitriona: Nombre de la empresa, p\u00e1gina web de la empresa, direcci\u00f3n de la empresa.  <\/li>\n<li aria-level=\"2\">La oferta de pr\u00e1cticas: Tareas y condiciones de las pr\u00e1cticas.<\/li>\n<li aria-level=\"1\">Seguimiento entre el estudiante y la empresa de acogida antes y durante el periodo de pr\u00e1cticas: establecimiento de contactos, organizaci\u00f3n de entrevistas, asesoramiento, tr\u00e1mites administrativos, mediaci\u00f3n.<\/li>\n<li aria-level=\"1\">Informar al solicitante de la aceptaci\u00f3n de las pr\u00e1cticas en un plazo m\u00e1ximo de 1 semana tras recibir la confirmaci\u00f3n de la empresa de acogida;<\/li>\n<li aria-level=\"1\">Env\u00ede por correo electr\u00f3nico una confirmaci\u00f3n de la colocaci\u00f3n firmada y sellada por la empresa de acogida;<\/li>\n<li aria-level=\"2\">Este certificado ir\u00e1 acompa\u00f1ado de la factura del Servicio de B\u00fasqueda de Pr\u00e1cticas STUD&amp;GLOBE, que permitir\u00e1 al candidato abonar el coste de dicho Servicio de B\u00fasqueda de Pr\u00e1cticas y confirmar la reserva de la pr\u00e1ctica.  <\/li>\n<li aria-level=\"2\">Una vez superada esta etapa, el candidato se encargar\u00e1 de gestionar los documentos necesarios para las pr\u00e1cticas en la empresa de acogida.  <\/li>\n<\/ol>\n<ol>\n<li aria-level=\"1\">Actuar como simple interlocutor e intermediario entre la empresa de acogida y el candidato hasta la fecha de confirmaci\u00f3n de las pr\u00e1cticas. STUD&amp;GLOBE no podr\u00e1 en ning\u00fan caso ser considerado responsable del buen desarrollo de las pr\u00e1cticas, ya que STUD&amp;GLOBE act\u00faa como intermediario independiente sin mandato ni poder de representaci\u00f3n por parte de la Escuela y\/o de la empresa de acogida.   <\/li>\n<\/ol>\n<h2> <\/h2>\n<h2>ART\u00cdCULO 3 - PRECIOS.  <\/h2>\n<p>A cambio del Servicio de B\u00fasqueda de Pr\u00e1cticas prestado por STUD&amp;GLOBE, el candidato deber\u00e1 abonar la tasa correspondiente a dicho Servicio seg\u00fan una de las siguientes opciones:  <\/p>\n<h3>OPCI\u00d3N 1 - <strong>Pr\u00e1cticas remuneradas en una empresa <\/strong>(excepto hoteles) :  <\/h3>\n<ul>\n<li aria-level=\"1\">Pr\u00e1cticas de 1 a 3 meses: 395,00 euros (IVA incl.)<\/li>\n<li aria-level=\"1\">Pr\u00e1cticas de 3 a 6 meses: 495,00 euros (IVA incl.)<\/li>\n<\/ul>\n<h3>OPCI\u00d3N 2 - <strong>Pr\u00e1cticas en hotel con alojamiento, manutenci\u00f3n y remuneraci\u00f3n : <\/strong> <\/h3>\n<ul>\n<li aria-level=\"1\">Pr\u00e1cticas de 1 a 3 meses: 490,00 euros (IVA incl.)<\/li>\n<li aria-level=\"1\">Pr\u00e1cticas de 3 a 6 meses: 590,00 euros (IVA incl.)<\/li>\n<\/ul>\n<h3>OPCI\u00d3N 3 - <strong>Pr\u00e1cticas no remuneradas <\/strong> <\/h3>\n<ul>\n<li>350,00 euros (IVA incl.)<\/li>\n<\/ul>\n<h2>ART\u00cdCULO 4 - CONDICIONES DE PAGO.  <\/h2>\n<p>El solicitante deber\u00e1 abonar por adelantado el importe total de la factura emitida por el Servicio de B\u00fasqueda de Pr\u00e1cticas de STUD&amp;GLOBE en un plazo de 4 d\u00edas laborables a partir de la recepci\u00f3n por correo electr\u00f3nico del certificado de aceptaci\u00f3n de las pr\u00e1cticas acompa\u00f1ado de la factura emitida por STUD&amp;GLOBE. La reserva de las pr\u00e1cticas ser\u00e1 definitiva una vez que STUD&amp;GLOBE haya recibido el pago del Servicio de B\u00fasqueda de Pr\u00e1cticas.   <\/p>\n<p>El pago podr\u00e1 efectuarse mediante transferencia bancaria. Los gastos adicionales generados por las comisiones de transferencia bancaria correr\u00e1n a cargo del solicitante. <\/p>\n<p>En caso de pago en dos plazos, se cobrar\u00e1n 35 euros en concepto de gastos de administraci\u00f3n.<\/p>\n<ul>\n<li>El 1er plazo del 50% del coste total + 35 euros de gastos administrativos debe abonarse al reservar el curso.<\/li>\n<li>La factura de saldo correspondiente al 2\u00ba pago (50% de los costes totales) se enviar\u00e1 el d\u00eda 1 del mes siguiente al ingreso.<\/li>\n<\/ul>\n<h2>ART\u00cdCULO 5 - CANCELACI\u00d3N Y REEMBOLSO<\/h2>\n<p>Toda solicitud de reembolso o de cambio de curso deber\u00e1 enviarse a STUD&amp;GLOBE por correo electr\u00f3nico en franc\u00e9s, ingl\u00e9s o espa\u00f1ol. Cada caso ser\u00e1 estudiado individualmente y si el reembolso es aceptado, se efectuar\u00e1 en un plazo de sesenta (60) d\u00edas laborables a partir de la recepci\u00f3n del correo electr\u00f3nico. <\/p>\n<h3>1 - Anulaci\u00f3n por parte del candidato<\/h3>\n<ol>\n<li><strong>Antes del inicio del curso :  <\/strong>\n<ol>\n<li><b>El candidato que desee anular sus pr\u00e1cticas tras haber recibido una respuesta positiva de la empresa<\/b>, y sea cual sea el motivo, deber\u00e1 abonar a Stud&amp;Globe <b>el 20% del total de los gastos de gesti\u00f3n<\/b> incurridos. A continuaci\u00f3n, se enviar\u00e1 una factura correspondiente a los gastos de anulaci\u00f3n de las pr\u00e1cticas al candidato, que dispondr\u00e1 de 4 d\u00edas laborables para efectuar el pago. <\/li>\n<li><strong>Si el candidato desea cancelar el curso tras el pago de la factura y la reserva del curso<\/strong>, deber\u00e1 notificarlo a STUD&amp;GLOBE por correo electr\u00f3nico al menos 30 d\u00edas antes del inicio del curso. En este caso, STUD&amp;GLOBE reembolsar\u00e1 al candidato el 50% del precio facturado. En caso de que el candidato no respete dicho plazo m\u00ednimo, STUD&amp;GLOBE tendr\u00e1 entonces derecho a retener la totalidad del importe facturado como contrapartida del servicio prestado a la Escuela.    <\/li>\n<li><strong>En caso de<\/strong> fuerza <strong>mayor que impida al candidato realizar las pr\u00e1cticas<\/strong> (por ejemplo, hospitalizaci\u00f3n del estudiante, cierre de fronteras, etc.), STUD&amp;GLOBE reembolsar\u00e1 el 80% de los honorarios facturados, siempre que el candidato pueda demostrar la causa de fuerza mayor.<\/li>\n<\/ol>\n<\/li>\n<li><strong>Durante el curso<\/strong>\n<ol>\n<li>Si el estudiante se retira o dimite durante las pr\u00e1cticas, STUD&amp;GLOBE no pagar\u00e1 ninguna indemnizaci\u00f3n ni reembolso por ning\u00fan motivo.  <\/li>\n<li>Si las asignaciones o condiciones de las pr\u00e1cticas no se corresponden con el certificado proporcionado por STUD&amp;GLOBE y firmado por la empresa de acogida, STUD&amp;GLOBE evaluar\u00e1 la solicitud y ofrecer\u00e1 unas nuevas pr\u00e1cticas o un reembolso.<\/li>\n<li>Anulaci\u00f3n por falta de documentaci\u00f3n<b>: <\/b>En caso de que el candidato no haya obtenido los documentos solicitados por STUD&amp;GLOBE para realizar las pr\u00e1cticas, STUD&amp;GLOBE no efectuar\u00e1 ning\u00fan reembolso y el candidato no podr\u00e1 reclamar ninguna indemnizaci\u00f3n.  <\/li>\n<\/ol>\n<\/li>\n<\/ol>\n<h3>2 - Cancelaci\u00f3n por parte de la empresa<\/h3>\n<ol>\n<li><strong>Antes del inicio del curso<\/strong>\n<ol>\n<li>Si la empresa de acogida cancela las pr\u00e1cticas antes de la fecha indicada en el convenio de pr\u00e1cticas, STUD&amp;GLOBE se compromete a ofrecer al candidato otras pr\u00e1cticas si es posible.<\/li>\n<li>Si no se recibe una oferta adecuada, STUD&amp;GLOBE reembolsar\u00e1 al candidato el 100% de los gastos en que haya incurrido.<\/li>\n<li>Si una oferta es adecuada pero a un precio diferente, no se cargar\u00e1n costes adicionales al solicitante.<\/li>\n<\/ol>\n<\/li>\n<li><strong>Antes del inicio del curso<\/strong>\n<ol>\n<li>Si la empresa cancela las pr\u00e1cticas por falta grave, el candidato no tendr\u00e1 derecho a ning\u00fan reembolso ni indemnizaci\u00f3n.<\/li>\n<\/ol>\n<\/li>\n<\/ol>\n<h3>3 - Cancelaci\u00f3n por parte de STUD&amp;GLOBE<\/h3>\n<p>STUD&amp;GLOBE tiene derecho a rescindir el presente Contrato y a anular la solicitud de pr\u00e1cticas del candidato si \u00e9ste incumple las obligaciones aqu\u00ed establecidas. En este caso, el candidato no podr\u00e1 reclamar ninguna compensaci\u00f3n o reembolso.   <\/p>\n<h2>ART\u00cdCULO 6 - PROTECCI\u00d3N DE DATOS.  <\/h2>\n<p>Para cualquier tratamiento de datos personales realizado en relaci\u00f3n con el presente Contrato, las partes cumplir\u00e1n el Reglamento (UE) 2016\/679 del Parlamento Europeo y del Consejo, de 27 de abril de 2016, relativo a la protecci\u00f3n de las personas f\u00edsicas en lo que respecta al tratamiento de datos personales y a la libre circulaci\u00f3n de estos datos y por el que se deroga la Directiva 95\/46\/CE (Reglamento general de protecci\u00f3n de datos), as\u00ed como cualquier norma adicional aplicable a los datos personales en Francia (en adelante, \u00abGDPR\u00bb).<\/p>\n<p>Cada una de las partes declara y garantiza a la otra que cumplir\u00e1 estrictamente el GDPR con respecto a cualquier tratamiento de datos personales que se lleve a cabo en relaci\u00f3n con el presente Acuerdo.<\/p>\n<p>No obstante cualquier cl\u00e1usula en contrario, las partes no incurrir\u00e1n en ninguna responsabilidad contractual en virtud del presente contrato en la medida en que el cumplimiento del RGPD les impidiera cumplir cualquiera de sus obligaciones en virtud del presente contrato.<\/p>\n<h2>ART\u00cdCULO 7 - OTROS<\/h2>\n<ol>\n<li>El presente Acuerdo y sus Anexos constituyen el acuerdo \u00edntegro entre las partes con respecto al objeto del mismo y sustituyen y derogan expresamente todos los acuerdos y compromisos anteriores entre las partes con respecto a los asuntos expresamente acordados en el presente Acuerdo y su objeto.\n<p>Los ap\u00e9ndices del Contrato suscritos por la Escuela forman parte integrante del Contrato a todos los efectos.<\/p>\n<\/li>\n<li>STUD&amp;GLOBLE podr\u00e1 modificar el presente contrato. Las modificaciones importantes ser\u00e1n entonces transmitidas al candidato por correo electr\u00f3nico a la direcci\u00f3n de correo electr\u00f3nico indicada al menos quince (15) d\u00edas antes de su entrada en vigor. Si estas modificaciones son importantes, el candidato deber\u00e1 entonces aceptar expresamente la modificaci\u00f3n del Contrato. El candidato tambi\u00e9n podr\u00e1 rechazar las modificaciones propuestas y rescindir el Contrato antes de la fecha de entrada en vigor de las mismas.\n<p>  BARCELONA, renunciando expresamente las partes a cualquier otro fuero.<\/p>\n<\/li>\n<\/ol>\t\t\t\t\t\t\t\t<\/div>\n\t\t\t\t<\/div>\n\t\t\t\t\t<\/div>\n\t\t\t\t<\/div>\n\t\t<div class=\"elementor-element elementor-element-f87a229 elementor-repeater-item-ang_container_padding_4 e-flex e-con-boxed sk-none elementor-repeater-item-none elementor-repeater-item-none_hover e-con e-parent\" data-id=\"f87a229\" data-element_type=\"container\" data-e-type=\"container\" data-settings=\"{&quot;ang_container_spacing_size&quot;:&quot;ang_container_padding_4&quot;,&quot;background_background&quot;:&quot;classic&quot;,&quot;jet_parallax_layout_list&quot;:[]}\">\n\t\t\t\t\t<div class=\"e-con-inner\">\n\t\t\t\t<div class=\"elementor-element elementor-element-3960a31 elementor-repeater-item-none elementor-repeater-item-none_hover elementor-widget elementor-widget-heading\" data-id=\"3960a31\" data-element_type=\"widget\" data-e-type=\"widget\" data-widget_type=\"heading.default\">\n\t\t\t\t<div class=\"elementor-widget-container\">\n\t\t\t\t\t<h2 class=\"elementor-heading-title elementor-size-default\">Condiciones de validaci\u00f3n Pr\u00e1cticas\n<\/h2>\t\t\t\t<\/div>\n\t\t\t\t<\/div>\n\t\t\t\t<div class=\"elementor-element elementor-element-39540bf elementor-button-align-end elementor-repeater-item-none elementor-repeater-item-none_hover elementor-widget elementor-widget-form\" data-id=\"39540bf\" data-element_type=\"widget\" data-e-type=\"widget\" data-settings=\"{&quot;step_next_label&quot;:&quot;Siguiente&quot;,&quot;step_previous_label&quot;:&quot;Anterior&quot;,&quot;button_width&quot;:&quot;100&quot;,&quot;step_type&quot;:&quot;number_text&quot;,&quot;step_icon_shape&quot;:&quot;circle&quot;}\" data-widget_type=\"form.default\">\n\t\t\t\t<div class=\"elementor-widget-container\">\n\t\t\t\t\t\t\t<form class=\"elementor-form\" method=\"post\" name=\"Condiciones para estudiantes\" aria-label=\"Condiciones para estudiantes\">\n\t\t\t<input type=\"hidden\" name=\"post_id\" value=\"15823\"\/>\n\t\t\t<input type=\"hidden\" name=\"form_id\" value=\"39540bf\"\/>\n\t\t\t<input type=\"hidden\" name=\"referer_title\" value=\"Condiciones de uso del servicio - ESTUDIANTES - Stud&amp;Globe\" \/>\n\n\t\t\t\t\t\t\t<input type=\"hidden\" name=\"queried_id\" value=\"15823\"\/>\n\t\t\t\n\t\t\t<div class=\"elementor-form-fields-wrapper elementor-labels-above\">\n\t\t\t\t\t\t\t\t<div class=\"elementor-field-type-text elementor-field-group elementor-column elementor-field-group-field_nomb elementor-col-50 elementor-field-required elementor-mark-required\">\n\t\t\t\t\t\t\t\t\t\t\t\t<label for=\"form-field-field_nomb\" class=\"elementor-field-label\">\n\t\t\t\t\t\t\t\tNombre\t\t\t\t\t\t\t<\/label>\n\t\t\t\t\t\t\t\t\t\t\t\t\t\t<input size=\"1\" type=\"text\" name=\"form_fields[field_nomb]\" id=\"form-field-field_nomb\" class=\"elementor-field elementor-size-sm  elementor-field-textual\" required=\"required\">\n\t\t\t\t\t\t\t\t\t\t\t<\/div>\n\t\t\t\t\t\t\t\t<div class=\"elementor-field-type-text elementor-field-group elementor-column elementor-field-group-field_prenonb elementor-col-50 elementor-field-required elementor-mark-required\">\n\t\t\t\t\t\t\t\t\t\t\t\t<label for=\"form-field-field_prenonb\" class=\"elementor-field-label\">\n\t\t\t\t\t\t\t\tNombre\t\t\t\t\t\t\t<\/label>\n\t\t\t\t\t\t\t\t\t\t\t\t\t\t<input size=\"1\" type=\"text\" name=\"form_fields[field_prenonb]\" id=\"form-field-field_prenonb\" class=\"elementor-field elementor-size-sm  elementor-field-textual\" required=\"required\">\n\t\t\t\t\t\t\t\t\t\t\t<\/div>\n\t\t\t\t\t\t\t\t<div class=\"elementor-field-type-email elementor-field-group elementor-column elementor-field-group-emailb elementor-col-50 elementor-field-required elementor-mark-required\">\n\t\t\t\t\t\t\t\t\t\t\t\t<label for=\"form-field-emailb\" class=\"elementor-field-label\">\n\t\t\t\t\t\t\t\tCorreo electr\u00f3nico\t\t\t\t\t\t\t<\/label>\n\t\t\t\t\t\t\t\t\t\t\t\t\t\t<input size=\"1\" type=\"email\" name=\"form_fields[emailb]\" id=\"form-field-emailb\" class=\"elementor-field elementor-size-sm  elementor-field-textual\" required=\"required\">\n\t\t\t\t\t\t\t\t\t\t\t<\/div>\n\t\t\t\t\t\t\t\t<div class=\"elementor-field-type-tel elementor-field-group elementor-column elementor-field-group-field_teleb elementor-col-50 elementor-field-required elementor-mark-required\">\n\t\t\t\t\t\t\t\t\t\t\t\t<label for=\"form-field-field_teleb\" class=\"elementor-field-label\">\n\t\t\t\t\t\t\t\tTel\u00e9fono\t\t\t\t\t\t\t<\/label>\n\t\t\t\t\t\t\t\t<input size=\"1\" type=\"tel\" name=\"form_fields[field_teleb]\" id=\"form-field-field_teleb\" class=\"elementor-field elementor-size-sm  elementor-field-textual\" required=\"required\" pattern=\"[0-9()#&amp;+*-=.]+\" title=\"Only numbers and phone characters (#, -, *, etc) are accepted.\">\n\n\t\t\t\t\t\t<\/div>\n\t\t\t\t\t\t\t\t<div class=\"elementor-field-type-acceptance elementor-field-group elementor-column elementor-field-group-field_742f19e elementor-col-100 elementor-field-required elementor-mark-required\">\n\t\t\t\t\t\t\t\t\t\t\t\t<label for=\"form-field-field_742f19e\" class=\"elementor-field-label\">\n\t\t\t\t\t\t\t\t \t\t\t\t\t\t\t<\/label>\n\t\t\t\t\t\t\t\t<div class=\"elementor-field-subgroup\">\n\t\t\t<span class=\"elementor-field-option\">\n\t\t\t\t<input type=\"checkbox\" name=\"form_fields[field_742f19e]\" id=\"form-field-field_742f19e\" class=\"elementor-field elementor-size-sm  elementor-acceptance-field\" required=\"required\">\n\t\t\t\t<label for=\"form-field-field_742f19e\">Al marcar esta casilla, reconozco haber le\u00eddo y aceptado las condiciones generales de Stud&amp;Globe.<\/label>\t\t\t<\/span>\n\t\t<\/div>\n\t\t\t\t\t\t<\/div>\n\t\t\t\t\t\t\t\t<div class=\"elementor-field-type-recaptcha_v3 elementor-field-group elementor-column elementor-field-group-field_e64d8b9 elementor-col-100 recaptcha_v3-bottomright\">\n\t\t\t\t\t<div class=\"elementor-field\" id=\"form-field-field_e64d8b9\"><div class=\"elementor-g-recaptcha\" data-sitekey=\"6Lc3tS0rAAAAAOJI6JNXSVCEBQhp_Wiy0NFazNO1\" data-type=\"v3\" data-action=\"Form\" data-badge=\"bottomright\" data-size=\"invisible\"><\/div><\/div>\t\t\t\t<\/div>\n\t\t\t\t\t\t\t\t<div class=\"elementor-field-group elementor-column elementor-field-type-submit elementor-col-100 e-form__buttons\">\n\t\t\t\t\t<button class=\"elementor-button elementor-size-sm elementor-animation-grow\" type=\"submit\">\n\t\t\t\t\t\t<span class=\"elementor-button-content-wrapper\">\n\t\t\t\t\t\t\t\t\t\t\t\t\t\t\t\t\t\t\t\t\t\t<span class=\"elementor-button-text\">ENVIAR<\/span>\n\t\t\t\t\t\t\t\t\t\t\t\t\t<\/span>\n\t\t\t\t\t<\/button>\n\t\t\t\t<\/div>\n\t\t\t<\/div>\n\t\t<\/form>\n\t\t\t\t\t\t<\/div>\n\t\t\t\t<\/div>\n\t\t\t\t\t<\/div>\n\t\t\t\t<\/div>\n\t\t\t\t<\/div>\n\t\t","protected":false},"excerpt":{"rendered":"<p>CONDICIONES PARA PARTICIPAR EN EL PROGRAMA DE MOVILIDAD STUD&amp;GLOBE Stud&amp;Globe, con NIF B66606252, situada en 169 Carrer de Verdi 08012 Barcelona - Espa\u00f1a, ofrece un servicio en la p\u00e1gina web www.studandglobe.com para ayudar a los estudiantes a encontrar un puesto de trabajo internacional, as\u00ed como todos los tr\u00e1mites administrativos. Las presentes Condiciones Generales de Utilizaci\u00f3n [&hellip;]<\/p>\n","protected":false},"author":4,"featured_media":0,"parent":0,"menu_order":0,"comment_status":"closed","ping_status":"closed","template":"","meta":{"iawp_total_views":0,"footnotes":""},"page-froid":[],"class_list":["post-15823","page","type-page","status-publish","hentry"],"_links":{"self":[{"href":"https:\/\/studandglobe.com\/es\/wp-json\/wp\/v2\/pages\/15823","targetHints":{"allow":["GET"]}}],"collection":[{"href":"https:\/\/studandglobe.com\/es\/wp-json\/wp\/v2\/pages"}],"about":[{"href":"https:\/\/studandglobe.com\/es\/wp-json\/wp\/v2\/types\/page"}],"author":[{"embeddable":true,"href":"https:\/\/studandglobe.com\/es\/wp-json\/wp\/v2\/users\/4"}],"replies":[{"embeddable":true,"href":"https:\/\/studandglobe.com\/es\/wp-json\/wp\/v2\/comments?post=15823"}],"version-history":[{"count":6,"href":"https:\/\/studandglobe.com\/es\/wp-json\/wp\/v2\/pages\/15823\/revisions"}],"predecessor-version":[{"id":19693,"href":"https:\/\/studandglobe.com\/es\/wp-json\/wp\/v2\/pages\/15823\/revisions\/19693"}],"wp:attachment":[{"href":"https:\/\/studandglobe.com\/es\/wp-json\/wp\/v2\/media?parent=15823"}],"wp:term":[{"taxonomy":"page-froid","embeddable":true,"href":"https:\/\/studandglobe.com\/es\/wp-json\/wp\/v2\/page-froid?post=15823"}],"curies":[{"name":"wp","href":"https:\/\/api.w.org\/{rel}","templated":true}]}}