{"id":15820,"date":"2025-04-20T03:10:48","date_gmt":"2025-04-20T02:10:48","guid":{"rendered":"https:\/\/studandglobe.com\/politica-de-privacidad\/"},"modified":"2025-10-21T00:33:18","modified_gmt":"2025-10-20T23:33:18","slug":"politica-de-privacidad","status":"publish","type":"page","link":"https:\/\/studandglobe.com\/es\/politica-de-privacidad\/","title":{"rendered":"Pol\u00edtica de privacidad"},"content":{"rendered":"\t\t<div data-elementor-type=\"wp-page\" data-elementor-id=\"15820\" class=\"elementor elementor-15820 elementor-5061\" data-elementor-post-type=\"page\">\n\t\t\t\t<div class=\"elementor-element elementor-element-444ca36 elementor-repeater-item-ang_container_padding_2 e-flex e-con-boxed elementor-repeater-item-none elementor-repeater-item-none_hover e-con e-parent\" data-id=\"444ca36\" data-element_type=\"container\" data-e-type=\"container\" data-settings=\"{&quot;ang_container_spacing_size&quot;:&quot;ang_container_padding_2&quot;,&quot;jet_parallax_layout_list&quot;:[]}\">\n\t\t\t\t\t<div class=\"e-con-inner\">\n\t\t\t\t<div class=\"elementor-element elementor-element-e482202 elementor-repeater-item-none elementor-repeater-item-none_hover elementor-widget elementor-widget-heading\" data-id=\"e482202\" data-element_type=\"widget\" data-e-type=\"widget\" data-widget_type=\"heading.default\">\n\t\t\t\t<div class=\"elementor-widget-container\">\n\t\t\t\t\t<h1 class=\"elementor-heading-title elementor-size-default\">Pol\u00edtica de privacidad<\/h1>\t\t\t\t<\/div>\n\t\t\t\t<\/div>\n\t\t\t\t<div class=\"elementor-element elementor-element-21600b3 elementor-repeater-item-none elementor-repeater-item-none_hover elementor-widget elementor-widget-text-editor\" data-id=\"21600b3\" data-element_type=\"widget\" data-e-type=\"widget\" data-widget_type=\"text-editor.default\">\n\t\t\t\t<div class=\"elementor-widget-container\">\n\t\t\t\t\t\t\t\t\t<p>De conformidad con lo dispuesto en la Ley Org\u00e1nica 15\/1999, de 13 de diciembre, de Protecci\u00f3n de Datos de Car\u00e1cter Personal (LOPD), le informamos que los datos introducidos voluntariamente en el formulario de contacto formar\u00e1n parte de un fichero automatizado, bajo la responsabilidad de stud&amp;globe, s.l. - NIF: B66606252 - Domicilio Carrer de Verdi, 169, 08012, Barcelona, Espa\u00f1a (en adelante \u00abSTUD&amp;GLOBE\u00bb). Deber\u00e1 rellenar todos los campos del formulario de contacto con informaci\u00f3n veraz, completa y actualizada. En caso contrario, STUD&amp;GLOBE no podr\u00e1 atender su solicitud. Los datos solicitados son estrictamente necesarios para que STUD&amp;GLOBE pueda responder a su solicitud y enviarle la informaci\u00f3n necesaria relativa a sus compromisos con STUD&amp;GLOBE.   <\/p><p> <\/p><p>Mediante el env\u00edo de este formulario, usted consiente expresamente el tratamiento automatizado de sus datos personales incluidos en el mismo y para las finalidades descritas a continuaci\u00f3n.  <\/p><p> <\/p><p>STUD&amp;GLOBE garantiza la confidencialidad de los datos facilitados a trav\u00e9s de esta p\u00e1gina web y garantiza que sus datos no ser\u00e1n comunicados ni cedidos a terceros sin su consentimiento previo por escrito.<\/p><p>La finalidad del tratamiento y uso de los datos personales es gestionar las solicitudes y env\u00edos de CV realizados en la p\u00e1gina web <a href=\"https:\/\/studandglobe.com\/es\/\">https:\/\/studandglobe.com\/<\/a> y prestar los servicios solicitados.<\/p><p> <\/p><p>S\u00f3lo en el caso de que usted haya dado su consentimiento expreso y de conformidad con el art\u00edculo 21 de la Ley 34\/2002, de 11 de julio, de Servicios de la Sociedad de la Informaci\u00f3n y Comercio Electr\u00f3nico (LSSI), STUD&amp;GLOBE podr\u00e1 enviarle por cualquier medio, incluido el correo electr\u00f3nico, ofertas comerciales de productos, actividades y servicios similares a los que usted haya solicitado, as\u00ed como informaci\u00f3n t\u00e9cnica, operativa y comercial sobre los servicios ofrecidos y boletines informativos de STUD&amp;GLOBE que puedan ser de su inter\u00e9s.<\/p><p> <\/p><p>Usted garantiza que los datos personales facilitados a STUD&amp;GLOBE son veraces y acepta que en caso de modificaci\u00f3n de los mismos deber\u00e1 informar inmediatamente a STUD&amp;GLOBE.<\/p><p>STUD&amp;GLOBE, de acuerdo con los requisitos legalmente establecidos, ha adoptado los niveles de seguridad de protecci\u00f3n de los datos personales y ha instalado todos los medios t\u00e9cnicos y organizativos a su alcance para tratar de evitar la alteraci\u00f3n, p\u00e9rdida o acceso no autorizado de los datos, de acuerdo con lo establecido en el Real Decreto 1720\/2007, de 21 de diciembre.<\/p><p> <\/p><p>Usted podr\u00e1 ejercer en cualquier momento su derecho de acceso, rectificaci\u00f3n, cancelaci\u00f3n y oposici\u00f3n de sus datos personales notific\u00e1ndolo a STUD&amp;GLOBE a la direcci\u00f3n de correo electr\u00f3nico <a href=\"mailto:contact@studandglobe.com\">contact@studandglobe.com<\/a> y adjuntando copia de su DNI, de conformidad con lo establecido en la Ley Org\u00e1nica 15\/1999, de 13 de diciembre, de Protecci\u00f3n de Datos de Car\u00e1cter Personal.<\/p>\t\t\t\t\t\t\t\t<\/div>\n\t\t\t\t<\/div>\n\t\t\t\t\t<\/div>\n\t\t\t\t<\/div>\n\t\t\t\t<\/div>\n\t\t","protected":false},"excerpt":{"rendered":"<p>De conformidad con lo dispuesto en la Ley Org\u00e1nica 15\/1999, de 13 de diciembre, de Protecci\u00f3n de Datos de Car\u00e1cter Personal (LOPD), le informamos que los datos introducidos voluntariamente en el formulario de contacto formar\u00e1n parte de un fichero automatizado, bajo la responsabilidad de stud&amp;globe, s.l. - NIF: B66606252 - Domicilio Carrer de Verdi, 169, [&hellip;]<\/p>\n","protected":false},"author":4,"featured_media":0,"parent":0,"menu_order":0,"comment_status":"closed","ping_status":"closed","template":"","meta":{"iawp_total_views":3,"footnotes":""},"page-froid":[],"class_list":["post-15820","page","type-page","status-publish","hentry"],"_links":{"self":[{"href":"https:\/\/studandglobe.com\/es\/wp-json\/wp\/v2\/pages\/15820","targetHints":{"allow":["GET"]}}],"collection":[{"href":"https:\/\/studandglobe.com\/es\/wp-json\/wp\/v2\/pages"}],"about":[{"href":"https:\/\/studandglobe.com\/es\/wp-json\/wp\/v2\/types\/page"}],"author":[{"embeddable":true,"href":"https:\/\/studandglobe.com\/es\/wp-json\/wp\/v2\/users\/4"}],"replies":[{"embeddable":true,"href":"https:\/\/studandglobe.com\/es\/wp-json\/wp\/v2\/comments?post=15820"}],"version-history":[{"count":1,"href":"https:\/\/studandglobe.com\/es\/wp-json\/wp\/v2\/pages\/15820\/revisions"}],"predecessor-version":[{"id":15822,"href":"https:\/\/studandglobe.com\/es\/wp-json\/wp\/v2\/pages\/15820\/revisions\/15822"}],"wp:attachment":[{"href":"https:\/\/studandglobe.com\/es\/wp-json\/wp\/v2\/media?parent=15820"}],"wp:term":[{"taxonomy":"page-froid","embeddable":true,"href":"https:\/\/studandglobe.com\/es\/wp-json\/wp\/v2\/page-froid?post=15820"}],"curies":[{"name":"wp","href":"https:\/\/api.w.org\/{rel}","templated":true}]}}