{"id":15819,"date":"2025-04-20T03:10:50","date_gmt":"2025-04-20T02:10:50","guid":{"rendered":"https:\/\/studandglobe.com\/politica-de-cookies\/"},"modified":"2025-10-21T00:33:17","modified_gmt":"2025-10-20T23:33:17","slug":"politica-de-cookies","status":"publish","type":"page","link":"https:\/\/studandglobe.com\/es\/politica-de-cookies\/","title":{"rendered":"Pol\u00edtica de cookies"},"content":{"rendered":"\t\t<div data-elementor-type=\"wp-page\" data-elementor-id=\"15819\" class=\"elementor elementor-15819 elementor-5065\" data-elementor-post-type=\"page\">\n\t\t\t\t<div class=\"elementor-element elementor-element-e150175 elementor-repeater-item-ang_container_padding_2 e-flex e-con-boxed elementor-repeater-item-none elementor-repeater-item-none_hover e-con e-parent\" data-id=\"e150175\" data-element_type=\"container\" data-e-type=\"container\" data-settings=\"{&quot;ang_container_spacing_size&quot;:&quot;ang_container_padding_2&quot;,&quot;jet_parallax_layout_list&quot;:[]}\">\n\t\t\t\t\t<div class=\"e-con-inner\">\n\t\t\t\t<div class=\"elementor-element elementor-element-1160c2b elementor-repeater-item-none elementor-repeater-item-none_hover elementor-widget elementor-widget-heading\" data-id=\"1160c2b\" data-element_type=\"widget\" data-e-type=\"widget\" data-widget_type=\"heading.default\">\n\t\t\t\t<div class=\"elementor-widget-container\">\n\t\t\t\t\t<h1 class=\"elementor-heading-title elementor-size-default\">Pol\u00edtica de cookies<\/h1>\t\t\t\t<\/div>\n\t\t\t\t<\/div>\n\t\t\t\t<div class=\"elementor-element elementor-element-8c28ccf elementor-repeater-item-none elementor-repeater-item-none_hover elementor-widget elementor-widget-text-editor\" data-id=\"8c28ccf\" data-element_type=\"widget\" data-e-type=\"widget\" data-widget_type=\"text-editor.default\">\n\t\t\t\t<div class=\"elementor-widget-container\">\n\t\t\t\t\t\t\t\t\t<p><strong>\u00daltima actualizaci\u00f3n : [30\/04\/2025]<\/strong><\/p><p>El sitio Stud&amp;Globe utiliza cookies para mejorar la experiencia del usuario, medir la audiencia y ofrecer contenidos adaptados a sus centros de inter\u00e9s.<\/p><h2>1. \u00bfQu\u00e9 es una galleta?<\/h2><p>Una cookie es un peque\u00f1o archivo de texto que se almacena en su terminal (ordenador, smartphone, tableta) cuando visita un sitio web. Permite al sitio web reconocer su dispositivo en visitas posteriores. <\/p><h2>2. \u00bfQu\u00e9 cookies utilizamos?<\/h2><ul><li><strong>Cookies necesarias para el funcionamiento del sitio<\/strong>: Estas cookies son esenciales para la navegaci\u00f3n (por ejemplo, la sesi\u00f3n de usuario).<br><br><\/li><li><strong>Cookies de medici\u00f3n de audiencia<\/strong>: (por ejemplo, Google Analytics) se utilizan para recopilar datos an\u00f3nimos sobre el tr\u00e1fico del sitio web.<br><br><\/li><li><strong>Cookies de redes sociales<\/strong>: le permiten compartir contenidos en redes sociales (Facebook, LinkedIn, etc.).<br><br><\/li><li><strong>Cookies publicitarias<\/strong>: Se utilizan para proporcionar ofertas espec\u00edficas basadas en sus h\u00e1bitos de navegaci\u00f3n.<br><br><\/li><\/ul><h2>3. Consentimiento<\/h2><p>Cuando visite nuestro sitio por primera vez, un banner le informar\u00e1 de la presencia de cookies y le ofrecer\u00e1 la opci\u00f3n de aceptar o configurar su uso. Puede cambiar sus preferencias en cualquier momento [enlace al gestor de cookies]. <\/p><h2>4. Gesti\u00f3n de cookies<\/h2><p>Puede desactivar las cookies a trav\u00e9s de la configuraci\u00f3n de su navegador o a trav\u00e9s de nuestro gestor de preferencias. Para obtener m\u00e1s informaci\u00f3n, visite el sitio web de la CNIL: https: <a href=\"https:\/\/www.cnil.fr\" target=\"_blank\" rel=\"noopener\">\/\/www.cnil.fr<\/a> <\/p>\t\t\t\t\t\t\t\t<\/div>\n\t\t\t\t<\/div>\n\t\t\t\t\t<\/div>\n\t\t\t\t<\/div>\n\t\t\t\t<\/div>\n\t\t","protected":false},"excerpt":{"rendered":"<p>\u00daltima actualizaci\u00f3n : [30\/04\/2025] El sitio Stud&amp;Globe utiliza cookies para mejorar la experiencia del usuario, medir la audiencia y ofrecer contenidos adaptados a sus centros de inter\u00e9s. 1. \u00bfQu\u00e9 es una galleta? Una cookie es un peque\u00f1o archivo de texto que se almacena en su terminal (ordenador, smartphone, tableta) cuando visita un sitio web. Permite [&hellip;]<\/p>\n","protected":false},"author":4,"featured_media":0,"parent":0,"menu_order":0,"comment_status":"closed","ping_status":"closed","template":"","meta":{"iawp_total_views":2,"footnotes":""},"page-froid":[],"class_list":["post-15819","page","type-page","status-publish","hentry"],"_links":{"self":[{"href":"https:\/\/studandglobe.com\/es\/wp-json\/wp\/v2\/pages\/15819","targetHints":{"allow":["GET"]}}],"collection":[{"href":"https:\/\/studandglobe.com\/es\/wp-json\/wp\/v2\/pages"}],"about":[{"href":"https:\/\/studandglobe.com\/es\/wp-json\/wp\/v2\/types\/page"}],"author":[{"embeddable":true,"href":"https:\/\/studandglobe.com\/es\/wp-json\/wp\/v2\/users\/4"}],"replies":[{"embeddable":true,"href":"https:\/\/studandglobe.com\/es\/wp-json\/wp\/v2\/comments?post=15819"}],"version-history":[{"count":1,"href":"https:\/\/studandglobe.com\/es\/wp-json\/wp\/v2\/pages\/15819\/revisions"}],"predecessor-version":[{"id":15821,"href":"https:\/\/studandglobe.com\/es\/wp-json\/wp\/v2\/pages\/15819\/revisions\/15821"}],"wp:attachment":[{"href":"https:\/\/studandglobe.com\/es\/wp-json\/wp\/v2\/media?parent=15819"}],"wp:term":[{"taxonomy":"page-froid","embeddable":true,"href":"https:\/\/studandglobe.com\/es\/wp-json\/wp\/v2\/page-froid?post=15819"}],"curies":[{"name":"wp","href":"https:\/\/api.w.org\/{rel}","templated":true}]}}