{"id":15817,"date":"2025-04-20T03:10:49","date_gmt":"2025-04-20T02:10:49","guid":{"rendered":"https:\/\/studandglobe.com\/informacion-legal\/"},"modified":"2025-10-21T00:33:15","modified_gmt":"2025-10-20T23:33:15","slug":"informacion-legal","status":"publish","type":"page","link":"https:\/\/studandglobe.com\/es\/informacion-legal\/","title":{"rendered":"Informaci\u00f3n legal"},"content":{"rendered":"\t\t<div data-elementor-type=\"wp-page\" data-elementor-id=\"15817\" class=\"elementor elementor-15817 elementor-5063\" data-elementor-post-type=\"page\">\n\t\t\t\t<div class=\"elementor-element elementor-element-cda59a9 elementor-repeater-item-ang_container_padding_2 e-flex e-con-boxed elementor-repeater-item-none elementor-repeater-item-none_hover e-con e-parent\" data-id=\"cda59a9\" data-element_type=\"container\" data-e-type=\"container\" data-settings=\"{&quot;ang_container_spacing_size&quot;:&quot;ang_container_padding_2&quot;,&quot;jet_parallax_layout_list&quot;:[]}\">\n\t\t\t\t\t<div class=\"e-con-inner\">\n\t\t\t\t<div class=\"elementor-element elementor-element-eb999b6 elementor-repeater-item-none elementor-repeater-item-none_hover elementor-widget elementor-widget-heading\" data-id=\"eb999b6\" data-element_type=\"widget\" data-e-type=\"widget\" data-widget_type=\"heading.default\">\n\t\t\t\t<div class=\"elementor-widget-container\">\n\t\t\t\t\t<h1 class=\"elementor-heading-title elementor-size-default\">Informaci\u00f3n legal<\/h1>\t\t\t\t<\/div>\n\t\t\t\t<\/div>\n\t\t\t\t<div class=\"elementor-element elementor-element-a1e50b0 elementor-repeater-item-none elementor-repeater-item-none_hover elementor-widget elementor-widget-text-editor\" data-id=\"a1e50b0\" data-element_type=\"widget\" data-e-type=\"widget\" data-widget_type=\"text-editor.default\">\n\t\t\t\t<div class=\"elementor-widget-container\">\n\t\t\t\t\t\t\t\t\t<p>De conformidad con lo dispuesto en los art\u00edculos 6-III y 19 de la Ley n\u00ba 2004-575 de 21 de junio de 2004 sobre la confianza en la econom\u00eda digital (LCEN), se informa a los usuarios de la p\u00e1gina web <a href=\"http:\/\/www.studandglobe.com\">www.studandglobe.com<\/a> de la identidad de las distintas partes implicadas en su creaci\u00f3n y seguimiento.<\/p><h2>1. Editor del sitio<\/h2><p><strong>Stud&amp;Globe<br><\/strong>Sede social: Calle balmes 357 - barcelona 08006 espa\u00f1a<\/p><p>Correo electr\u00f3nico: <a href=\"mailto:contact@studandglobe.com\">contact@studandglobe.com<\/a><br>Desde Francia +00 33 1 87 65 28 12<\/p><p>Desde Espa\u00f1a + 00 34 931 59 18 57<\/p><h2>2. Anfitri\u00f3n<\/h2><ul><li>Daxys<\/li><li>Direcci\u00f3n: Carrer \u00c4vila 48-50 Despacho 15 08005 Barcelona (Barcelona) - Espa\u00f1a<\/li><li>Tel\u00e9fono: 644 26 35 19<\/li><li>P\u00e1gina web: https: <a href=\"https:\/\/daxys.com\/\" target=\"_blank\" rel=\"noopener\">\/\/daxys.com\/<\/a><\/li><\/ul><h2>3. Derechos de propiedad intelectual<\/h2><p>Todo el contenido de este sitio (texto, im\u00e1genes, v\u00eddeos, logotipo, carta gr\u00e1fica) est\u00e1 protegido por derechos de propiedad intelectual y es propiedad exclusiva de Stud&amp;Globe, a menos que se indique lo contrario.<\/p><h2>4. Datos personales<\/h2><p>Los datos recogidos a trav\u00e9s de los formularios est\u00e1n destinados exclusivamente a Stud&amp;Globe para la tramitaci\u00f3n de las solicitudes y el establecimiento de contacto. De conformidad con el RGPD, usted tiene derecho a acceder, rectificar, suprimir y portar sus datos. Puede ejercer estos derechos poni\u00e9ndose en contacto con nosotros en: <a href=\"mailto:dpo@studandglobe.com\">dpo@studandglobe.com<\/a>  <\/p><h2>5. Responsabilidad<\/h2><p>El sitio <a href=\"http:\/\/www.studandglobe.com\">www.studandglobe.com<\/a> puede contener enlaces a otros sitios. Stud&amp;Globe no se hace responsable del contenido de estos sitios externos. <\/p>\t\t\t\t\t\t\t\t<\/div>\n\t\t\t\t<\/div>\n\t\t\t\t\t<\/div>\n\t\t\t\t<\/div>\n\t\t\t\t<\/div>\n\t\t","protected":false},"excerpt":{"rendered":"<p>De conformidad con lo dispuesto en los art\u00edculos 6-III y 19 de la Ley n\u00ba 2004-575 de 21 de junio de 2004 sobre la confianza en la econom\u00eda digital (LCEN), se informa a los usuarios de la p\u00e1gina web www.studandglobe.com de la identidad de las distintas partes implicadas en su creaci\u00f3n y seguimiento. 1. Editor [&hellip;]<\/p>\n","protected":false},"author":4,"featured_media":0,"parent":0,"menu_order":0,"comment_status":"closed","ping_status":"closed","template":"","meta":{"iawp_total_views":3,"footnotes":""},"page-froid":[],"class_list":["post-15817","page","type-page","status-publish","hentry"],"_links":{"self":[{"href":"https:\/\/studandglobe.com\/es\/wp-json\/wp\/v2\/pages\/15817","targetHints":{"allow":["GET"]}}],"collection":[{"href":"https:\/\/studandglobe.com\/es\/wp-json\/wp\/v2\/pages"}],"about":[{"href":"https:\/\/studandglobe.com\/es\/wp-json\/wp\/v2\/types\/page"}],"author":[{"embeddable":true,"href":"https:\/\/studandglobe.com\/es\/wp-json\/wp\/v2\/users\/4"}],"replies":[{"embeddable":true,"href":"https:\/\/studandglobe.com\/es\/wp-json\/wp\/v2\/comments?post=15817"}],"version-history":[{"count":1,"href":"https:\/\/studandglobe.com\/es\/wp-json\/wp\/v2\/pages\/15817\/revisions"}],"predecessor-version":[{"id":15818,"href":"https:\/\/studandglobe.com\/es\/wp-json\/wp\/v2\/pages\/15817\/revisions\/15818"}],"wp:attachment":[{"href":"https:\/\/studandglobe.com\/es\/wp-json\/wp\/v2\/media?parent=15817"}],"wp:term":[{"taxonomy":"page-froid","embeddable":true,"href":"https:\/\/studandglobe.com\/es\/wp-json\/wp\/v2\/page-froid?post=15817"}],"curies":[{"name":"wp","href":"https:\/\/api.w.org\/{rel}","templated":true}]}}